{"id":8,"date":"2026-03-08T13:20:12","date_gmt":"2026-03-08T12:20:12","guid":{"rendered":"https:\/\/heartbeat-stralsund.de\/?page_id=8"},"modified":"2026-03-08T14:15:17","modified_gmt":"2026-03-08T13:15:17","slug":"der-chor","status":"publish","type":"page","link":"https:\/\/heartbeat-stralsund.de\/?page_id=8","title":{"rendered":"Der Chor &#8211; unsere Stimmen, unsere Geschichte!"},"content":{"rendered":"\n<p>Unser Chor HEARTBEAT ist urspr\u00fcnglich als eine Abteilung des Vereins Initiative Altstadt Stralsund e. V. Er wurde im Oktober 2014 von Friz Fischer als Stralsunder Rock- und Popchor gegr\u00fcndet und tr\u00e4gt seit Sommer 2016 den Namen HEARTBEAT Stralsunder Rock- und Popchor. Der Verein Initiative Altstadt Stralsund e. V.  existiert seit Anfang<br>der 1990er Jahre und hat sich durch sein B\u00fcrgerengagement f\u00fcr eine lebenswerte Altstadt einen Namen gemacht. Im Rahmen dieser Aktivit\u00e4ten wurde auch der Chor gegr\u00fcndet.<br>Das Logo wurde von Friz Fischer, argus design + marke stralsund entworfen.<br>2019 wurde der Chor als eigenst\u00e4ndiger Verein outgesourced.<br>Seit 2015 ist Thomas Kampf der musikalische und k\u00fcnstlerische Leiter.<a href=\"https:\/\/heartbeat-der-stralsunder-rock-und-popchor.blankmusic.org\/chor#\"><\/a><\/p>\n\n\n\n<p><\/p>\n\n\n\n<div class=\"wp-block-media-text is-stacked-on-mobile\"><figure class=\"wp-block-media-text__media\"><img loading=\"lazy\" decoding=\"async\" width=\"1024\" height=\"683\" src=\"https:\/\/heartbeat-stralsund.de\/wp-content\/uploads\/2025\/12\/DSC01821-1024x683.jpg\" alt=\"\" class=\"wp-image-9 size-full\" srcset=\"https:\/\/heartbeat-stralsund.de\/wp-content\/uploads\/2025\/12\/DSC01821-1024x683.jpg 1024w, https:\/\/heartbeat-stralsund.de\/wp-content\/uploads\/2025\/12\/DSC01821-300x200.jpg 300w, https:\/\/heartbeat-stralsund.de\/wp-content\/uploads\/2025\/12\/DSC01821-768x512.jpg 768w, https:\/\/heartbeat-stralsund.de\/wp-content\/uploads\/2025\/12\/DSC01821-1536x1024.jpg 1536w, https:\/\/heartbeat-stralsund.de\/wp-content\/uploads\/2025\/12\/DSC01821-2048x1365.jpg 2048w\" sizes=\"auto, (max-width: 706px) 89vw, (max-width: 767px) 82vw, 740px\" \/><\/figure><div class=\"wp-block-media-text__content\">\n<p>Gemeinsam Singen, gemeinsam Klingen.<\/p>\n<\/div><\/div>\n\n\n\n<h2 class=\"wp-block-heading\">Der Sopran &#8211; Wir haben keine H\u00f6henangst!<\/h2>\n\n\n\n<figure class=\"wp-block-image size-large\"><img loading=\"lazy\" decoding=\"async\" width=\"767\" height=\"1024\" src=\"https:\/\/heartbeat-stralsund.de\/wp-content\/uploads\/2026\/02\/Einzelprobe_Sopran-767x1024.jpeg\" alt=\"\" class=\"wp-image-341\" srcset=\"https:\/\/heartbeat-stralsund.de\/wp-content\/uploads\/2026\/02\/Einzelprobe_Sopran-767x1024.jpeg 767w, https:\/\/heartbeat-stralsund.de\/wp-content\/uploads\/2026\/02\/Einzelprobe_Sopran-225x300.jpeg 225w, https:\/\/heartbeat-stralsund.de\/wp-content\/uploads\/2026\/02\/Einzelprobe_Sopran-768x1025.jpeg 768w, https:\/\/heartbeat-stralsund.de\/wp-content\/uploads\/2026\/02\/Einzelprobe_Sopran-1151x1536.jpeg 1151w, https:\/\/heartbeat-stralsund.de\/wp-content\/uploads\/2026\/02\/Einzelprobe_Sopran.jpeg 1199w\" sizes=\"auto, (max-width: 706px) 89vw, (max-width: 767px) 82vw, 740px\" \/><\/figure>\n\n\n\n<p>Der Sopran ist im Chor das, was die Sahne auf der Torte ist: ganz oben und meistens ziemlich auff\u00e4llig. W\u00e4hrend sich die anderen Stimmen gem\u00fctlich im Mittelfeld tummeln, klettert der Sopran ohne Sicherungsseil in luftige H\u00f6hen. Wenn ein Ton so hoch ist, dass nur noch Hunde und Flederm\u00e4use reagieren \u2013 dann ist wahrscheinlich der Sopran dran.<\/p>\n\n\n\n<p>Soprane tragen oft die Melodie und sorgen f\u00fcr Glanz im Klang.<\/p>\n\n\n\n<h2 class=\"wp-block-heading\">Der Alt &#8211; Die k\u00f6nnen&#8217;s halt!<\/h2>\n\n\n\n<figure class=\"wp-block-image size-large\"><img loading=\"lazy\" decoding=\"async\" width=\"1024\" height=\"682\" src=\"https:\/\/heartbeat-stralsund.de\/wp-content\/uploads\/2026\/02\/Adsingen_alt_tenor_2-1024x682.jpg\" alt=\"\" class=\"wp-image-334\" srcset=\"https:\/\/heartbeat-stralsund.de\/wp-content\/uploads\/2026\/02\/Adsingen_alt_tenor_2-1024x682.jpg 1024w, https:\/\/heartbeat-stralsund.de\/wp-content\/uploads\/2026\/02\/Adsingen_alt_tenor_2-300x200.jpg 300w, https:\/\/heartbeat-stralsund.de\/wp-content\/uploads\/2026\/02\/Adsingen_alt_tenor_2-768x512.jpg 768w, https:\/\/heartbeat-stralsund.de\/wp-content\/uploads\/2026\/02\/Adsingen_alt_tenor_2-1536x1023.jpg 1536w, https:\/\/heartbeat-stralsund.de\/wp-content\/uploads\/2026\/02\/Adsingen_alt_tenor_2.jpg 1600w\" sizes=\"auto, (max-width: 706px) 89vw, (max-width: 767px) 82vw, 740px\" \/><\/figure>\n\n\n\n<p>Der Alt ist im Chor die Stimme der Gelassenheit. W\u00e4hrend der Sopran irgendwo \u00fcber den Wolken unterwegs ist, bleibt der Alt entspannt auf musikalischer Bodenh\u00f6he und denkt sich: <em>\u201eAch, die kommen schon wieder runter.\u201c<\/em><\/p>\n\n\n\n<p>Altstimmen sind warm, voll und zuverl\u00e4ssig. Sie verbinden die H\u00f6hen mit den Tiefen und halten den ganzen Chorklang zusammen \u2013 quasi der musikalische Klebstoff. Der Alt singt selten die spektakul\u00e4re Melodie, aber ohne die Altstimmen w\u00fcrde der ganze Chor pl\u00f6tzlich ziemlich d\u00fcnn klingen.<\/p>\n\n\n\n<p><\/p>\n\n\n\n<h2 class=\"wp-block-heading\">Kein Chor ohne:  Tenor (bei uns fast alles Tenoritas)<\/h2>\n\n\n\n<figure class=\"wp-block-image size-large\"><img loading=\"lazy\" decoding=\"async\" width=\"768\" height=\"1024\" src=\"https:\/\/heartbeat-stralsund.de\/wp-content\/uploads\/2026\/03\/Tenor-Heartbeat-768x1024.jpeg\" alt=\"\" class=\"wp-image-361\" srcset=\"https:\/\/heartbeat-stralsund.de\/wp-content\/uploads\/2026\/03\/Tenor-Heartbeat-768x1024.jpeg 768w, https:\/\/heartbeat-stralsund.de\/wp-content\/uploads\/2026\/03\/Tenor-Heartbeat-225x300.jpeg 225w, https:\/\/heartbeat-stralsund.de\/wp-content\/uploads\/2026\/03\/Tenor-Heartbeat-1152x1536.jpeg 1152w, https:\/\/heartbeat-stralsund.de\/wp-content\/uploads\/2026\/03\/Tenor-Heartbeat.jpeg 1200w\" sizes=\"auto, (max-width: 706px) 89vw, (max-width: 767px) 82vw, 740px\" \/><\/figure>\n\n\n\n<p>Der Tenor ist eigentlich die h\u00f6chste M\u00e4nnerstimme im Chor. Eigentlich. In vielen Ch\u00f6ren \u2013 und besonders bei uns \u2013 wird diese Stimme jedoch mutig (fast nur!) von Frauen \u00fcbernommen: den legend\u00e4ren Tenoritas.<\/p>\n\n\n\n<p>Tenoritas sind ein bisschen wie musikalische Abenteurerinnen. Sie sagen Dinge wie: \u201eSopran ist mir zu hoch, Alt zu brav \u2013 ich geh mal zum Tenor.\u201c Dort singen sie die spannenden Mittelstimmen, springen zwischen Melodie und Begleitung hin und her und bringen ordentlich Energie in den Satz.<\/p>\n\n\n\n<p>Kurz gesagt: Tenoritas sind der Beweis, dass Stimmgrenzen im Chor manchmal nur eine kreative Empfehlung sind.<\/p>\n\n\n\n<p><\/p>\n\n\n\n<h2 class=\"wp-block-heading\">Der Bass &#8211; Die Tiefenentspannten<\/h2>\n\n\n\n<figure class=\"wp-block-image size-large\"><img loading=\"lazy\" decoding=\"async\" width=\"768\" height=\"1024\" src=\"https:\/\/heartbeat-stralsund.de\/wp-content\/uploads\/2026\/03\/Einzelprobe_Bass-768x1024.jpeg\" alt=\"\" class=\"wp-image-362\" srcset=\"https:\/\/heartbeat-stralsund.de\/wp-content\/uploads\/2026\/03\/Einzelprobe_Bass-768x1024.jpeg 768w, https:\/\/heartbeat-stralsund.de\/wp-content\/uploads\/2026\/03\/Einzelprobe_Bass-225x300.jpeg 225w, https:\/\/heartbeat-stralsund.de\/wp-content\/uploads\/2026\/03\/Einzelprobe_Bass-1152x1536.jpeg 1152w, https:\/\/heartbeat-stralsund.de\/wp-content\/uploads\/2026\/03\/Einzelprobe_Bass.jpeg 1200w\" sizes=\"auto, (max-width: 706px) 89vw, (max-width: 767px) 82vw, 740px\" \/><\/figure>\n\n\n\n<p><\/p>\n\n\n\n<p>Der Bass ist die Stimme aus der Tiefe. Wenn der Bass einsetzt, bekommt der Chor pl\u00f6tzlich Gewicht \u2013 musikalisch und manchmal auch physikalisch.<\/p>\n\n\n\n<p>Bassstimmen lieben tiefe T\u00f6ne, lange Noten und ein angenehmes Ma\u00df an Gelassenheit. W\u00e4hrend oben noch hektisch nach dem richtigen Einsatz gesucht wird, steht der Bass meist schon bereit und denkt: <em>\u201eIch hab nur drei T\u00f6ne heute \u2013 aber die sitzen. Also wahrscheinlich sitzen sie. Wir gucken mal.\u201c<\/em><\/p>\n\n\n\n<p>Doch untersch\u00e4tzt den Bass nicht: Ohne ihn fehlt dem Chor das Fundament. Mit Bass klingt alles sofort gr\u00f6\u00dfer, voller und ein bisschen epischer.<\/p>\n\n\n\n<p>Oder anders gesagt: Wenn der Chor ein Geb\u00e4ude w\u00e4re, w\u00e4re der Bass das Fundament aus Granit.<\/p>\n\n\n\n<p><\/p>\n","protected":false},"excerpt":{"rendered":"<p>Unser Chor HEARTBEAT ist urspr\u00fcnglich als eine Abteilung des Vereins Initiative Altstadt Stralsund e. V. Er wurde im Oktober 2014 von Friz Fischer als Stralsunder Rock- und Popchor gegr\u00fcndet und tr\u00e4gt seit Sommer 2016 den Namen HEARTBEAT Stralsunder Rock- und Popchor. Der Verein Initiative Altstadt Stralsund e. V. existiert seit Anfangder 1990er Jahre und hat &hellip; <\/p>\n<p class=\"link-more\"><a href=\"https:\/\/heartbeat-stralsund.de\/?page_id=8\" class=\"more-link\"><span class=\"screen-reader-text\">\u201eDer Chor &#8211; unsere Stimmen, unsere Geschichte!\u201c <\/span>weiterlesen<\/a><\/p>\n","protected":false},"author":2,"featured_media":0,"parent":0,"menu_order":0,"comment_status":"closed","ping_status":"closed","template":"","meta":{"footnotes":""},"class_list":["post-8","page","type-page","status-publish","hentry"],"_links":{"self":[{"href":"https:\/\/heartbeat-stralsund.de\/index.php?rest_route=\/wp\/v2\/pages\/8","targetHints":{"allow":["GET"]}}],"collection":[{"href":"https:\/\/heartbeat-stralsund.de\/index.php?rest_route=\/wp\/v2\/pages"}],"about":[{"href":"https:\/\/heartbeat-stralsund.de\/index.php?rest_route=\/wp\/v2\/types\/page"}],"author":[{"embeddable":true,"href":"https:\/\/heartbeat-stralsund.de\/index.php?rest_route=\/wp\/v2\/users\/2"}],"replies":[{"embeddable":true,"href":"https:\/\/heartbeat-stralsund.de\/index.php?rest_route=%2Fwp%2Fv2%2Fcomments&post=8"}],"version-history":[{"count":6,"href":"https:\/\/heartbeat-stralsund.de\/index.php?rest_route=\/wp\/v2\/pages\/8\/revisions"}],"predecessor-version":[{"id":404,"href":"https:\/\/heartbeat-stralsund.de\/index.php?rest_route=\/wp\/v2\/pages\/8\/revisions\/404"}],"wp:attachment":[{"href":"https:\/\/heartbeat-stralsund.de\/index.php?rest_route=%2Fwp%2Fv2%2Fmedia&parent=8"}],"curies":[{"name":"wp","href":"https:\/\/api.w.org\/{rel}","templated":true}]}}