{"id":365,"date":"2026-03-08T13:20:36","date_gmt":"2026-03-08T12:20:36","guid":{"rendered":"https:\/\/heartbeat-stralsund.de\/?page_id=365"},"modified":"2026-03-08T13:20:37","modified_gmt":"2026-03-08T12:20:37","slug":"konzerttermine","status":"publish","type":"page","link":"https:\/\/heartbeat-stralsund.de\/?page_id=365","title":{"rendered":"Konzerttermine"},"content":{"rendered":"\n<p>Du m\u00f6chtest uns live h\u00f6ren? Hier findest du unsere n\u00e4chsten Auftritte.<\/p>\n\n\n\n<p>\u00dcbrigens kann man uns auch buchen &#8211; Anfragen bitte an: vorstand@heartbeat-stralsund.de <\/p>\n\n\n\n<h2 class=\"wp-block-heading\">Termine 2026<\/h2>\n\n\n\n<p>17. April 2026 &#8211; 18:00 Uhr: Fr\u00fchlingssingen in der Kirche Niepars<\/p>\n\n\n\n<p>5. Juni 2026 &#8211; 18:00 Uhr: Sommerkonzert in der Kirche Abtshagen<\/p>\n\n\n\n<p>6. Juni 2026 &#8211; 18:30 Uhr: Klosterfest in Stralsund<\/p>\n\n\n\n<p>4. Dezember 2026 &#8211; 19:30 Uhr: Weihnachtskonzert in der Kirche Abtshagen<\/p>\n\n\n\n<p>11. Dezember 2026 &#8211; 20:00 Uhr: Weihnachtskonzert in der Kirche Niepars<\/p>\n\n\n\n<p><\/p>\n\n\n\n<figure class=\"wp-block-image size-large\"><img loading=\"lazy\" decoding=\"async\" width=\"1024\" height=\"768\" src=\"https:\/\/heartbeat-stralsund.de\/wp-content\/uploads\/2026\/01\/EA2D5EB0-69E3-447F-BE55-008AF7E8FE4E-1-1024x768.jpg\" alt=\"\" class=\"wp-image-53\" srcset=\"https:\/\/heartbeat-stralsund.de\/wp-content\/uploads\/2026\/01\/EA2D5EB0-69E3-447F-BE55-008AF7E8FE4E-1-1024x768.jpg 1024w, https:\/\/heartbeat-stralsund.de\/wp-content\/uploads\/2026\/01\/EA2D5EB0-69E3-447F-BE55-008AF7E8FE4E-1-300x225.jpg 300w, https:\/\/heartbeat-stralsund.de\/wp-content\/uploads\/2026\/01\/EA2D5EB0-69E3-447F-BE55-008AF7E8FE4E-1-768x576.jpg 768w, https:\/\/heartbeat-stralsund.de\/wp-content\/uploads\/2026\/01\/EA2D5EB0-69E3-447F-BE55-008AF7E8FE4E-1-1536x1152.jpg 1536w, https:\/\/heartbeat-stralsund.de\/wp-content\/uploads\/2026\/01\/EA2D5EB0-69E3-447F-BE55-008AF7E8FE4E-1-2048x1536.jpg 2048w\" sizes=\"auto, (max-width: 706px) 89vw, (max-width: 767px) 82vw, 740px\" \/><\/figure>\n","protected":false},"excerpt":{"rendered":"<p>Du m\u00f6chtest uns live h\u00f6ren? Hier findest du unsere n\u00e4chsten Auftritte. \u00dcbrigens kann man uns auch buchen &#8211; Anfragen bitte an: vorstand@heartbeat-stralsund.de Termine 2026 17. April 2026 &#8211; 18:00 Uhr: Fr\u00fchlingssingen in der Kirche Niepars 5. Juni 2026 &#8211; 18:00 Uhr: Sommerkonzert in der Kirche Abtshagen 6. Juni 2026 &#8211; 18:30 Uhr: Klosterfest in Stralsund &hellip; <\/p>\n<p class=\"link-more\"><a href=\"https:\/\/heartbeat-stralsund.de\/?page_id=365\" class=\"more-link\"><span class=\"screen-reader-text\">\u201eKonzerttermine\u201c <\/span>weiterlesen<\/a><\/p>\n","protected":false},"author":2,"featured_media":0,"parent":0,"menu_order":0,"comment_status":"closed","ping_status":"closed","template":"","meta":{"footnotes":""},"class_list":["post-365","page","type-page","status-publish","hentry"],"_links":{"self":[{"href":"https:\/\/heartbeat-stralsund.de\/index.php?rest_route=\/wp\/v2\/pages\/365","targetHints":{"allow":["GET"]}}],"collection":[{"href":"https:\/\/heartbeat-stralsund.de\/index.php?rest_route=\/wp\/v2\/pages"}],"about":[{"href":"https:\/\/heartbeat-stralsund.de\/index.php?rest_route=\/wp\/v2\/types\/page"}],"author":[{"embeddable":true,"href":"https:\/\/heartbeat-stralsund.de\/index.php?rest_route=\/wp\/v2\/users\/2"}],"replies":[{"embeddable":true,"href":"https:\/\/heartbeat-stralsund.de\/index.php?rest_route=%2Fwp%2Fv2%2Fcomments&post=365"}],"version-history":[{"count":2,"href":"https:\/\/heartbeat-stralsund.de\/index.php?rest_route=\/wp\/v2\/pages\/365\/revisions"}],"predecessor-version":[{"id":367,"href":"https:\/\/heartbeat-stralsund.de\/index.php?rest_route=\/wp\/v2\/pages\/365\/revisions\/367"}],"wp:attachment":[{"href":"https:\/\/heartbeat-stralsund.de\/index.php?rest_route=%2Fwp%2Fv2%2Fmedia&parent=365"}],"curies":[{"name":"wp","href":"https:\/\/api.w.org\/{rel}","templated":true}]}}