{"id":357,"date":"2026-03-08T13:16:50","date_gmt":"2026-03-08T12:16:50","guid":{"rendered":"https:\/\/heartbeat-stralsund.de\/?page_id=357"},"modified":"2026-03-08T14:09:14","modified_gmt":"2026-03-08T13:09:14","slug":"heartbeat-das-sind-wir","status":"publish","type":"page","link":"https:\/\/heartbeat-stralsund.de\/","title":{"rendered":"Heartbeat &#8211; Das sind wir!"},"content":{"rendered":"\n<p>Wir sind ein Hobbychor mit ca. 50 aktiven S\u00e4ngerinnen und S\u00e4ngern. Unser Repertoire reicht von Metallica und Leona Lewis bis Roxette und Leonard Cohen.<br>Am liebsten singen wir auf Englisch, gelegentlich verirrt sich jedoch auch ein ein deutscher Song zu uns.<\/p>\n\n\n\n<p>Wir treten bei vielen Gelegenheiten auf, z.B. bei Stadtfesten, aber auch mal besinnlich beim Adventssingen der Stralsunder Ch\u00f6re.<\/p>\n\n\n<div class=\"wp-block-image\">\n<figure class=\"alignleft size-large is-resized\"><img loading=\"lazy\" decoding=\"async\" width=\"1024\" height=\"473\" src=\"https:\/\/heartbeat-stralsund.de\/wp-content\/uploads\/2026\/02\/IMG_8437_Schnitt_xx-1024x473.jpg\" alt=\"\" class=\"wp-image-336\" style=\"aspect-ratio:2.1649187744190828;width:662px;height:auto\" srcset=\"https:\/\/heartbeat-stralsund.de\/wp-content\/uploads\/2026\/02\/IMG_8437_Schnitt_xx-1024x473.jpg 1024w, https:\/\/heartbeat-stralsund.de\/wp-content\/uploads\/2026\/02\/IMG_8437_Schnitt_xx-300x138.jpg 300w, https:\/\/heartbeat-stralsund.de\/wp-content\/uploads\/2026\/02\/IMG_8437_Schnitt_xx-768x354.jpg 768w, https:\/\/heartbeat-stralsund.de\/wp-content\/uploads\/2026\/02\/IMG_8437_Schnitt_xx-1536x709.jpg 1536w, https:\/\/heartbeat-stralsund.de\/wp-content\/uploads\/2026\/02\/IMG_8437_Schnitt_xx-2048x945.jpg 2048w\" sizes=\"auto, (max-width: 706px) 89vw, (max-width: 767px) 82vw, 740px\" \/><figcaption class=\"wp-element-caption\">Maieinsingen der Stralsunder Ch\u00f6re <\/figcaption><\/figure>\n<\/div>\n\n\n<p>Der Spa\u00df und die Gemeinschaft stehen bei unserem Chor im Vordergrund und daf\u00fcr sorgt nicht zuletzt unser gro\u00dfartiger Chorleiter Thomas Kampf, der Proben niemals zu ernst, sondern mit einer gro\u00dfen Prise Humor gestaltet.<\/p>\n\n\n\n<p>Du hast Lust mitzusingen? Dann komm zur Probe vorbei, immer<strong> mittwochs um 19 Uhr<\/strong> im <strong>Nachbarschaftszentrum Gr\u00fcnhufe<\/strong>.<\/p>\n\n\n\n<p><strong>Adresse:<\/strong><\/p>\n\n\n\n<p>Lindenallee 35,  18437 Stralsund<\/p>\n\n\n\n<p><\/p>\n","protected":false},"excerpt":{"rendered":"<p>Wir sind ein Hobbychor mit ca. 50 aktiven S\u00e4ngerinnen und S\u00e4ngern. Unser Repertoire reicht von Metallica und Leona Lewis bis Roxette und Leonard Cohen.Am liebsten singen wir auf Englisch, gelegentlich verirrt sich jedoch auch ein ein deutscher Song zu uns. Wir treten bei vielen Gelegenheiten auf, z.B. bei Stadtfesten, aber auch mal besinnlich beim Adventssingen &hellip; <\/p>\n<p class=\"link-more\"><a href=\"https:\/\/heartbeat-stralsund.de\/\" class=\"more-link\"><span class=\"screen-reader-text\">\u201eHeartbeat &#8211; Das sind wir!\u201c <\/span>weiterlesen<\/a><\/p>\n","protected":false},"author":2,"featured_media":0,"parent":0,"menu_order":0,"comment_status":"closed","ping_status":"closed","template":"","meta":{"footnotes":""},"class_list":["post-357","page","type-page","status-publish","hentry"],"_links":{"self":[{"href":"https:\/\/heartbeat-stralsund.de\/index.php?rest_route=\/wp\/v2\/pages\/357","targetHints":{"allow":["GET"]}}],"collection":[{"href":"https:\/\/heartbeat-stralsund.de\/index.php?rest_route=\/wp\/v2\/pages"}],"about":[{"href":"https:\/\/heartbeat-stralsund.de\/index.php?rest_route=\/wp\/v2\/types\/page"}],"author":[{"embeddable":true,"href":"https:\/\/heartbeat-stralsund.de\/index.php?rest_route=\/wp\/v2\/users\/2"}],"replies":[{"embeddable":true,"href":"https:\/\/heartbeat-stralsund.de\/index.php?rest_route=%2Fwp%2Fv2%2Fcomments&post=357"}],"version-history":[{"count":5,"href":"https:\/\/heartbeat-stralsund.de\/index.php?rest_route=\/wp\/v2\/pages\/357\/revisions"}],"predecessor-version":[{"id":402,"href":"https:\/\/heartbeat-stralsund.de\/index.php?rest_route=\/wp\/v2\/pages\/357\/revisions\/402"}],"wp:attachment":[{"href":"https:\/\/heartbeat-stralsund.de\/index.php?rest_route=%2Fwp%2Fv2%2Fmedia&parent=357"}],"curies":[{"name":"wp","href":"https:\/\/api.w.org\/{rel}","templated":true}]}}