{"id":3,"date":"2025-12-16T08:56:50","date_gmt":"2025-12-16T08:56:50","guid":{"rendered":"https:\/\/heartbeat-stralsund.de\/?page_id=3"},"modified":"2026-01-01T12:17:13","modified_gmt":"2026-01-01T11:17:13","slug":"privacy-policy","status":"publish","type":"page","link":"https:\/\/heartbeat-stralsund.de\/?page_id=3","title":{"rendered":"Datenschutzerkl\u00e4rung"},"content":{"rendered":"\n<p>1. Geltungsbereich<\/p>\n\n\n\n<ol style=\"list-style-type:lower-alpha\" class=\"wp-block-list\">\n<li>Die vorliegende Datenschutzerkl\u00e4rung dient gem\u00e4\u00df den gesetzlichen Bestimmungen Ihrer Information \u00fcber die Verarbeitung personenbezogener Daten durch den Anbieter als Verantwortlichen bei Ihrer Nutzung dieser Webseite (nachfolgend <strong>\u201eWebseite\u201c<\/strong>).<\/li>\n\n\n\n<li>Der Inhalt dieser Datenschutzerkl\u00e4rung ist f\u00fcr Sie jederzeit auf der Webseite abrufbar.<\/li>\n<\/ol>\n\n\n\n<p>2. Verantwortliche Stelle<\/p>\n\n\n\n<p>Verantwortliche Stelle im Sinne der Datenschutzgesetze ist der im Impressum der Webseite genannte Anbieter (<strong>\u201eAnbieter\u201c<\/strong> oder <strong>\u201ewir\u201c<\/strong>).<\/p>\n\n\n\n<p>3. Art und Umfang der Erhebung von personenbezogenen Daten<\/p>\n\n\n\n<p>Der Anbieter erh\u00e4lt von Ihnen die nachstehend aufgef\u00fchrten personenbezogenen Daten:<\/p>\n\n\n\n<ol style=\"list-style-type:lower-alpha\" class=\"wp-block-list\">\n<li>personenbezogene Daten \u00fcber Sie, welche bei der Nutzung der Webseite automatisch anfallen (d.h. IP-Adresse des zugreifenden Computers, Seite, von der aus Sie die Seite\/Datei von uns anfordern, Seite\/Datei, die Sie bei uns anfordern, Datum, Uhrzeit und Dauer des Besuches, Browserdaten, Betriebssystem, Browsersprache, Zeitzone, \u00fcbertragene Datenmengen sowie Statusangaben wie z.B. Fehlermeldungen);<\/li>\n\n\n\n<li>personenbezogene Daten, welche Sie uns im Zuge einer Anfrage an uns (z.B. per E-Mail oder Kontaktformular) \u00fcbermitteln (d.h. Ihre E-Mail-Adresse und sonstige Informationen, welche Sie in Ihrer Kontaktaufnahme an uns \u00fcbermitteln sowie Datum und Uhrzeit Ihrer Kontaktaufnahme);<\/li>\n\n\n\n<li>Cookies, welche von dem Browser als Textdateien auf Ihrem Computer gespeichert werden und eine charakteristische Zeichenfolge enthalten, welche die Identifizierung des Browsers beim erneuten Aufrufen der Webseite erm\u00f6glicht. Unsere Cookies speichern folgende Daten:\n<ul class=\"wp-block-list\">\n<li>Session-ID, um Sie als eingeloggter Nutzer w\u00e4hrend Ihres Besuchs bei einem Seitenwechsel identifizieren zu k\u00f6nnen.<\/li>\n\n\n\n<li>Anzeigepr\u00e4ferenzen, um uns etwa zu merken, dass Sie einen Intro-Bildschirm oder einen Hinweis zu einem veralteten Browser bereits gesehen haben, sodass er nicht bei jedem Klick auf einen anderen Men\u00fcpunkt erneut erscheint.<\/li>\n\n\n\n<li>Session ID in einem Pinterest Cookie, das Besuchern erlaubt, Blogbeitr\u00e4ge von Webseiten bei Pinterest zu speichern\/&#8217;pinnen&#8216;. Informationen zu den von Pinterest genutzten Cookies finden sich hier: <a href=\"https:\/\/policy.pinterest.com\/en\/cookies\">https:\/\/policy.pinterest.com\/en\/cookies<\/a><\/li>\n\n\n\n<li>Auf Webseiten mit eingebetteten YouTube Videos speichert YouTube\/Google Cookies in denen z. B. Benutzerpr\u00e4ferenzen wie Spracheinstellungen und Informationen \u00fcber die Verbindungsgeschwindigkeit des Besuchers gespeichert werden. Informationen zu den von YouTube\/Google genutzten Cookies finden sich hier: <a href=\"https:\/\/policies.google.com\/technologies\/types?hl=de\">https:\/\/policies.google.com\/technologies\/types?hl=de<\/a><\/li>\n\n\n\n<li>Auf Webseiten mit eingebetteten Vimeo Videos speichert Vimeo Cookies in denen z. B. Benutzerpr\u00e4ferenzen wie Spracheinstellungen oder Daten zu Werbezwecken gespeichert werden. Informationen zu den von Vimeo genutzten Cookies finden sich hier: <a href=\"https:\/\/vimeo.com\/cookie_policy\">https:\/\/vimeo.com\/cookie_policy<\/a><\/li>\n\n\n\n<li>Auf Webseiten mit eingebettetem SoundCloud Player speichert SoundCloud eine ID (zufallsbasierte Zahlenfolge) in einem Cookie. Informationen zu den von SoundCloud genutzten Cookies finden sich hier: <a href=\"https:\/\/soundcloud.com\/pages\/cookies\">https:\/\/soundcloud.com\/pages\/cookies<\/a>;<\/li>\n<\/ul>\n<\/li>\n\n\n\n<li>W\u00e4hlen Sie die Bloganbindung an Facebook, um Blogartikel per Klick auf Facebook zu teilen, so erh\u00e4lt der Anbieter folgende Daten von Facebook: Namen aller Facebook-Pages eines Users, zugeh\u00f6rige unique-identifier (Page-ID), sog. Page-Access-Tokens, die dem Anbieter den Zugriff auf die Facebook-Pages \u00fcber die Facebook-API erlauben. Facebook erh\u00e4lt dabei die folgenden Daten: URL des geteilten Artikels, Titel des Artikels, Inhalt des Artikels (die ersten 200 Zeichen). Zudem enth\u00e4lt die Artikelseite sog. Meta-Tags, welche Facebook automatisiert auslesen kann (alle Artikelbilder (falls vorhanden), alle Artikelvideos (falls vorhanden), Name des Blogs, Ver\u00f6ffentlichungsdatum des Artikels, Autor des Artikels.<br>W\u00e4hlen Sie die Bloganbindung an Twitter, um Blogartikel per Klick auf Twitter zu teilen, so erh\u00e4lt der Anbieter folgende Daten von Twitter: Twitter-Benutzername, Twitter Benutzer unique-identifier, sog. Access-Tokens, die dem Anbieter den Zugriff auf den Twitter-Account \u00fcber die Twitter-API erlauben. Twitter erh\u00e4lt dabei die folgenden Daten: URL des geteilten Artikels und Kommentare zum Artikel. Zudem enth\u00e4lt die Artikelseite sog. Meta-Tags, welche Twitter automatisiert auslesen kann (alle Artikelbilder (falls vorhanden), alle Artikelvideos (falls vorhanden), Name des Blogs, Ver\u00f6ffentlichungsdatum des Artikels, Autor des Artikels, Titel des Artikels, Inhalt des Artikels (die ersten 200 Zeichen).<br>W\u00e4hlen Sie die Funktion Artikel teilen von Facebook, Twitter oder Pinterest, so erh\u00e4lt der Anbieter die URL des geteilten Artikels. Die genannten Social-Media-Anbieter erhalten folgende Daten bez\u00fcglich des geteilten Artikels: alle Artikelbilder (falls vorhanden), alle Artikelvideos (falls vorhanden), Name des Blogs, Ver\u00f6ffentlichungsdatum des Artikels, Autor des Artikels, URL des Artikels, Titel des Artikels, Inhalt des Artikels (die ersten 200 Zeichen).<\/li>\n<\/ol>\n\n\n\n<p>4. Zwecke f\u00fcr welche die personenbezogenen Daten verarbeitet werden sowie Speicherdauer<\/p>\n\n\n\n<p>Die aufgef\u00fchrten personenbezogenen Daten nutzt der Anbieter wie folgt:<\/p>\n\n\n\n<ol style=\"list-style-type:lower-alpha\" class=\"wp-block-list\">\n<li>Die personenbezogenen Daten unter Ziffer 3a nutzt der Anbieter, um:\n<ul class=\"wp-block-list\">\n<li>Ihnen die angeforderte Webseite anzuzeigen; dabei verarbeiten wir Ihre IP-Adresse nur so lange dies technisch erforderlich ist;<\/li>\n\n\n\n<li>die IP-Adresse des zugreifenden Computers um das letzte Oktett zu k\u00fcrzen, um danach in anonymisierter Form das Nutzungsverhalten von Besuchern dieser Webseite zu analysieren (\u201eWebanalyse\u201c) und damit unsere Webseite zu verbessern sowie Fehler zu beheben. Die K\u00fcrzung der IP-Adresse erfolgt unmittelbar nach der Erhebung.<\/li>\n\n\n\n<li>Der Anbieter nutzt die Daten unter Ziffer 3a \u2013 im Falle eingeloggter Nutzer zusammen mit der ID des Nutzers auf www.blankmusic.org \u2013, um die Systemsicherheit und einen ordnungsgem\u00e4\u00dfen Betrieb dieser Webseite sicherzustellen. Diese Daten werden nach Ablauf von 4 Wochen gel\u00f6scht, es sei denn, diese Daten sind f\u00fcr die weitere Verfolgung von konkreten Angriffen und St\u00f6rungen erforderlich. Der Anbieter wird die genannten Daten ausschlie\u00dflich in F\u00e4llen von konkreten Sicherheitsvorf\u00e4llen nutzen.<\/li>\n\n\n\n<li>Zudem nutzt der Anbieter die Daten unter Ziffer 3a \u2013 im Falle eingeloggter Nutzer zusammen mit der ID des Nutzers auf www.blankmusic.org \u2013, um konkrete systemisch generierte Fehlermeldungen zu erkennen und zu bearbeiten; die vorgenannten Daten werden ausschlie\u00dflich dann gespeichert und genutzt, wenn eine konkrete Fehlermeldung auftritt und nur solange wie dies f\u00fcr die Bearbeitung der Fehlermeldung erforderlich ist.<\/li>\n\n\n\n<li>Der Anbieter setzt Google Fonts von Google Inc. (\u201eGoogle\u201c) ein, um externe Schriften auf BlankMusic einzubinden. Dabei erhebt Google die Daten unter Ziffer 3a von Ihnen, da Ihr Browser zur Einbindung der Schriften eine direkte Verbindung zu den Servern von Google aufbaut und somit die Daten unter Ziffer 3a automatisch an Google \u00fcbermittelt werden. Dies erfolgt zu dem Zweck, Ihnen eine ansprechende Webseite zur Verf\u00fcgung zu stellen.<\/li>\n<\/ul>\n<\/li>\n\n\n\n<li>Die personenbezogenen unter Ziffer 3b nutzt der Anbieter, um Ihre Anfragen zu bearbeiten und diesen nach M\u00f6glichkeit zu entsprechen. Der Anbieter nutzt diese Daten nur so lange dies zu diesem Zweck erforderlich ist.<\/li>\n\n\n\n<li>Cookies gem\u00e4\u00df Ziffer 3c werden zu den unter Ziffer 3c genannten Zwecken genutzt. Da die Cookies auf Ihrem Rechner gespeichert werden, haben Sie die volle Kontrolle \u00fcber die Speicherdauer der Cookies. Durch eine \u00c4nderung der Einstellungen in Ihrem Internetbrowser k\u00f6nnen Sie die \u00dcbertragung von Cookies deaktivieren oder einschr\u00e4nken und bereits gespeicherte Cookies l\u00f6schen.<\/li>\n\n\n\n<li>Die personenbezogenen Daten unter Ziffer 3d werden verarbeitet, um Ihnen die entsprechenden Funktionen der Social-Media-Anbieter anbieten zu k\u00f6nnen und somit diese Webseite f\u00fcr Sie attraktiver zu gestalten und deren Bekanntheitsgrad zu steigern. Die genannten Daten werden durch den Anbieter solange verarbeitet, wie dies f\u00fcr diese Zwecke erforderlich ist.<\/li>\n<\/ol>\n\n\n\n<p>Eine Speicherung kann dar\u00fcber hinaus in allen vorgenannten F\u00e4llen erfolgen, wenn und soweit dies durch den europ\u00e4ischen oder nationalen Gesetzgeber in unionsrechtlichen Verordnungen, Gesetzen oder sonstigen Vorschriften, denen der Anbieter unterliegt, vorgesehen wurde.<\/p>\n\n\n\n<p>5. Verpflichtung zur Bereitstellung von personenbezogenen Daten<\/p>\n\n\n\n<p>Die automatische \u00dcbermittlung der personenbezogenen Daten unter Ziffer 3a erfolgt freiwillig. Ohne die \u00dcbermittlung dieser Daten k\u00f6nnen wir Ihnen diese Webseite jedoch nicht anzeigen.<\/p>\n\n\n\n<p>Unbeschadet Ihrer Rechte unter Ziffer 9, besteht f\u00fcr Sie keine Verpflichtung, uns die Webanalyse aufgrund Ihrer bereits gem\u00e4\u00df Ziffer 3a\/4a anonymisierter Daten zu gestatten. Sie k\u00f6nnen daher ein <a href=\"https:\/\/tools.google.com\/dlpage\/gaoptout?hl=de%E2%80%9C\">Browser-Add-On<\/a> zur Deaktivierung der Webanalyse durch Google Analytics nutzen. Sie k\u00f6nnen die Erfassung durch Google Analytics ebenfalls verhindern, indem Sie auf <a href=\"javascript:gaOptout();\">diesen Link<\/a> klicken. Es wird ein Opt-Out-Cookie gesetzt, der die zuk\u00fcnftige Erfassung Ihrer Daten beim Besuch dieser Website verhindert. Solch ein Widerspruch hat keine Folgen f\u00fcr die Nutzbarkeit dieser Webseite.<\/p>\n\n\n\n<p>Die \u00dcbermittlung von personenbezogenen Daten zur Kontaktaufnahme unter Ziffer 3b erfolgt freiwillig. Sollte ein Kontaktformular Pflichtfelder enthalten, sind diese gesondert gekennzeichnet. Ohne die \u00dcbermittlung der erforderlichen personenbezogenen Daten kann der Anbieter Ihre Anfrage ggfs. nicht bestm\u00f6glich bearbeiten.<\/p>\n\n\n\n<p>Die \u00dcbermittlung von Daten aus Cookies unter Ziffer 3c erfolgt freiwillig. Werden Cookies f\u00fcr unsere Website deaktiviert, k\u00f6nnen m\u00f6glicherweise nicht mehr alle Funktionen der Website vollumf\u00e4nglich genutzt werden.<\/p>\n\n\n\n<p>Die Verarbeitung der personenbezogenen Daten gem\u00e4\u00df Ziffer 3d ist freiwillig, aber Voraussetzung, um Ihnen die Funktionen der Social-Media-Anbieter erm\u00f6glichen zu k\u00f6nnen; ohne die Bereitstellung dieser Daten k\u00f6nnen wir Ihnen diese Funktionen nicht anbieten.<\/p>\n\n\n\n<p>6. Rechtsgrundlage der Verarbeitung<\/p>\n\n\n\n<p>Die unter Ziffer 3a, 3b, 3c und 3d genannten personenbezogenen Daten werden auf Grundlagen von Art. 6 Abs. 1 S. 1 lit. f DS-GVO verarbeitet. Das berechtigte Interesse des Anbieters folgt aus den zugeh\u00f6rigen unter Ziffer 4 genannten Zwecken.<\/p>\n\n\n\n<p>7. Kategorien von Empf\u00e4ngern<\/p>\n\n\n\n<p>Soweit nicht anders angegeben, geben wir die personenbezogenen Daten unter Ziffer 3 nur an Auftragsverarbeiter zu den Zwecken unter Ziffer 4 weiter. Die Auftragsverarbeiter handeln ausschlie\u00dflich nach unseren Weisungen.<\/p>\n\n\n\n<p>8. Weitervermittlung zu anderen Diensteanbietern (externe Links)<\/p>\n\n\n\n<p>Der Anbieter zeigt Ihnen die Weitervermittlung zu einem anderen Diensteanbieter an. Dies geschieht durch das \u00d6ffnen des externen Links in einem neuen Tab oder in einem neuen Browserfenster.<\/p>\n\n\n\n<p>9. Ihre Rechte<\/p>\n\n\n\n<p>Nach Ma\u00dfgabe der Datenschutz-Grundverordnung stehen Ihnen die folgenden Rechte zu. Sie k\u00f6nnen bei dem Anbieter Auskunft \u00fcber Ihre personenbezogenen Daten verlangen und Widerspruch gegen eine Verarbeitung auf Grundlage berechtigter Interessen einlegen. Zudem k\u00f6nnen Sie unter bestimmten gesetzlichen Voraussetzungen eine Berichtigung oder L\u00f6schung Ihrer personenbezogenen Daten verlangen. Dar\u00fcber hinaus kann Ihnen ein Recht auf Einschr\u00e4nkung der Verarbeitung Ihrer personenbezogenen Daten sowie ein Recht auf Herausgabe Ihrer personenbezogenen Daten in einem strukturierten, g\u00e4ngigen und maschinenlesbaren Format zustehen. Im Falle einer Einwilligung haben Sie das Recht, die Einwilligung jederzeit zu widerrufen, ohne dass die Rechtm\u00e4\u00dfigkeit der aufgrund der Einwilligung bis zum Widerruf erfolgten Verarbeitung ber\u00fchrt wird. Ferner haben Sie die M\u00f6glichkeit, sich mit einer Beschwerde an die zust\u00e4ndige Aufsichtsbeh\u00f6rde zu wenden.<\/p>\n\n\n\n<p>10. Anpassungen der Datenschutzerkl\u00e4rung<\/p>\n\n\n\n<p>Der Anbieter entwickelt sein Angebot und seine Funktionen st\u00e4ndig nach den Bed\u00fcrfnissen der Nutzer fort. Daher k\u00f6nnen Anpassungen dieser Datenschutzerkl\u00e4rung erforderlich werden; hier\u00fcber wird der Anbieter informieren.<\/p>\n\n\n\n<p>Stand: 25.05.2018<\/p>\n","protected":false},"excerpt":{"rendered":"<p>1. Geltungsbereich 2. Verantwortliche Stelle Verantwortliche Stelle im Sinne der Datenschutzgesetze ist der im Impressum der Webseite genannte Anbieter (\u201eAnbieter\u201c oder \u201ewir\u201c). 3. Art und Umfang der Erhebung von personenbezogenen Daten Der Anbieter erh\u00e4lt von Ihnen die nachstehend aufgef\u00fchrten personenbezogenen Daten: 4. Zwecke f\u00fcr welche die personenbezogenen Daten verarbeitet werden sowie Speicherdauer Die aufgef\u00fchrten personenbezogenen &hellip; <\/p>\n<p class=\"link-more\"><a href=\"https:\/\/heartbeat-stralsund.de\/?page_id=3\" class=\"more-link\"><span class=\"screen-reader-text\">\u201eDatenschutzerkl\u00e4rung\u201c <\/span>weiterlesen<\/a><\/p>\n","protected":false},"author":1,"featured_media":0,"parent":0,"menu_order":0,"comment_status":"closed","ping_status":"open","template":"","meta":{"footnotes":""},"class_list":["post-3","page","type-page","status-publish","hentry"],"_links":{"self":[{"href":"https:\/\/heartbeat-stralsund.de\/index.php?rest_route=\/wp\/v2\/pages\/3","targetHints":{"allow":["GET"]}}],"collection":[{"href":"https:\/\/heartbeat-stralsund.de\/index.php?rest_route=\/wp\/v2\/pages"}],"about":[{"href":"https:\/\/heartbeat-stralsund.de\/index.php?rest_route=\/wp\/v2\/types\/page"}],"author":[{"embeddable":true,"href":"https:\/\/heartbeat-stralsund.de\/index.php?rest_route=\/wp\/v2\/users\/1"}],"replies":[{"embeddable":true,"href":"https:\/\/heartbeat-stralsund.de\/index.php?rest_route=%2Fwp%2Fv2%2Fcomments&post=3"}],"version-history":[{"count":6,"href":"https:\/\/heartbeat-stralsund.de\/index.php?rest_route=\/wp\/v2\/pages\/3\/revisions"}],"predecessor-version":[{"id":35,"href":"https:\/\/heartbeat-stralsund.de\/index.php?rest_route=\/wp\/v2\/pages\/3\/revisions\/35"}],"wp:attachment":[{"href":"https:\/\/heartbeat-stralsund.de\/index.php?rest_route=%2Fwp%2Fv2%2Fmedia&parent=3"}],"curies":[{"name":"wp","href":"https:\/\/api.w.org\/{rel}","templated":true}]}}