{"id":11,"date":"2026-01-01T12:14:00","date_gmt":"2026-01-01T11:14:00","guid":{"rendered":"https:\/\/heartbeat-stralsund.de\/?page_id=11"},"modified":"2026-01-01T12:14:01","modified_gmt":"2026-01-01T11:14:01","slug":"impressum","status":"publish","type":"page","link":"https:\/\/heartbeat-stralsund.de\/?page_id=11","title":{"rendered":"Impressum"},"content":{"rendered":"\n<p><strong>Angaben gem\u00e4\u00df \u00a7 5 DDG<\/strong><\/p>\n\n\n\n<h3 class=\"wp-block-heading\">Diensteanbieter<\/h3>\n\n\n\n<p><strong>Heartbeat Chor Stralsund<\/strong><br>Lange Stra\u00dfe 43, c\/o Ines Bauer<br>18356 Barth<br>Deutschland<\/p>\n\n\n\n<h3 class=\"wp-block-heading\">Kontakt<\/h3>\n\n\n\n<p>E-Mail: <a href=\"mailto:vorstand@heartbeat-stralsund.de\">vorstand@heartbeat-stralsund.de<\/a><\/p>\n\n\n\n<h3 class=\"wp-block-heading\">Vertretungsberechtigung<\/h3>\n\n\n\n<p>Der Verein wird vertreten durch den Vorstand.<br><strong>V.i.S.d.P.: Ines Bauer<\/strong><\/p>\n\n\n\n<h3 class=\"wp-block-heading\">Registereintrag<\/h3>\n\n\n\n<p>Eingetragen im Vereinsregister.<br>Registergericht: Amtsgericht Stralsund<br>Vereinsregisternummer: <strong>10261<\/strong><\/p>\n\n\n\n<h3 class=\"wp-block-heading\">Inhaltlich verantwortlich<\/h3>\n\n\n\n<p><strong>Ines Bauer<\/strong><br>Lange Stra\u00dfe 43, c\/o Ines Bauer<br>18356 Barth<br>Deutschland<br><\/p>\n\n\n\n<h3 class=\"wp-block-heading\">Hinweis zum Zugang<\/h3>\n\n\n\n<p>Einige Bereiche dieser Website sind ausschlie\u00dflich f\u00fcr Chormitglieder zug\u00e4nglich und erfordern eine entsprechende Anmeldung bzw. Freigabe.<\/p>\n\n\n\n<h3 class=\"wp-block-heading\">Haftungsausschluss<\/h3>\n\n\n\n<h4 class=\"wp-block-heading\">Haftung f\u00fcr Inhalte<\/h4>\n\n\n\n<p>Wir bem\u00fchen uns, die Inhalte dieser Website stets aktuell und korrekt zu halten. Eine Haftung f\u00fcr die Richtigkeit, Vollst\u00e4ndigkeit und Aktualit\u00e4t der Inhalte kann jedoch nicht \u00fcbernommen werden.<\/p>\n\n\n\n<h4 class=\"wp-block-heading\">Haftung f\u00fcr Links<\/h4>\n\n\n\n<p>Diese Website enth\u00e4lt ggf. Links zu externen Websites Dritter. Auf deren Inhalte haben wir keinen Einfluss; f\u00fcr diese fremden Inhalte \u00fcbernehmen wir keine Gew\u00e4hr. F\u00fcr die Inhalte der verlinkten Seiten ist stets der jeweilige Anbieter oder Betreiber verantwortlich.<\/p>\n\n\n\n<h4 class=\"wp-block-heading\">Urheberrecht<\/h4>\n\n\n\n<p>Die durch den Seitenbetreiber erstellten Inhalte und Werke auf dieser Website unterliegen dem deutschen Urheberrecht. Beitr\u00e4ge Dritter sind als solche gekennzeichnet. Jede Art der Verwertung au\u00dferhalb der Grenzen des Urheberrechts bedarf der vorherigen schriftlichen Zustimmung.<\/p>\n\n\n\n<p><\/p>\n","protected":false},"excerpt":{"rendered":"<p>Angaben gem\u00e4\u00df \u00a7 5 DDG Diensteanbieter Heartbeat Chor StralsundLange Stra\u00dfe 43, c\/o Ines Bauer18356 BarthDeutschland Kontakt E-Mail: vorstand@heartbeat-stralsund.de Vertretungsberechtigung Der Verein wird vertreten durch den Vorstand.V.i.S.d.P.: Ines Bauer Registereintrag Eingetragen im Vereinsregister.Registergericht: Amtsgericht StralsundVereinsregisternummer: 10261 Inhaltlich verantwortlich Ines BauerLange Stra\u00dfe 43, c\/o Ines Bauer18356 BarthDeutschland Hinweis zum Zugang Einige Bereiche dieser Website sind ausschlie\u00dflich f\u00fcr &hellip; <\/p>\n<p class=\"link-more\"><a href=\"https:\/\/heartbeat-stralsund.de\/?page_id=11\" class=\"more-link\"><span class=\"screen-reader-text\">\u201eImpressum\u201c <\/span>weiterlesen<\/a><\/p>\n","protected":false},"author":1,"featured_media":0,"parent":0,"menu_order":0,"comment_status":"closed","ping_status":"closed","template":"","meta":{"footnotes":""},"class_list":["post-11","page","type-page","status-publish","hentry"],"_links":{"self":[{"href":"https:\/\/heartbeat-stralsund.de\/index.php?rest_route=\/wp\/v2\/pages\/11","targetHints":{"allow":["GET"]}}],"collection":[{"href":"https:\/\/heartbeat-stralsund.de\/index.php?rest_route=\/wp\/v2\/pages"}],"about":[{"href":"https:\/\/heartbeat-stralsund.de\/index.php?rest_route=\/wp\/v2\/types\/page"}],"author":[{"embeddable":true,"href":"https:\/\/heartbeat-stralsund.de\/index.php?rest_route=\/wp\/v2\/users\/1"}],"replies":[{"embeddable":true,"href":"https:\/\/heartbeat-stralsund.de\/index.php?rest_route=%2Fwp%2Fv2%2Fcomments&post=11"}],"version-history":[{"count":3,"href":"https:\/\/heartbeat-stralsund.de\/index.php?rest_route=\/wp\/v2\/pages\/11\/revisions"}],"predecessor-version":[{"id":31,"href":"https:\/\/heartbeat-stralsund.de\/index.php?rest_route=\/wp\/v2\/pages\/11\/revisions\/31"}],"wp:attachment":[{"href":"https:\/\/heartbeat-stralsund.de\/index.php?rest_route=%2Fwp%2Fv2%2Fmedia&parent=11"}],"curies":[{"name":"wp","href":"https:\/\/api.w.org\/{rel}","templated":true}]}}